{"id":3551,"date":"2026-03-22T09:56:32","date_gmt":"2026-03-22T14:56:32","guid":{"rendered":"https:\/\/powertech.com.co\/Blog\/?page_id=3551"},"modified":"2026-03-22T09:56:33","modified_gmt":"2026-03-22T14:56:33","slug":"divulgacion-de-afiliados-de-amazon","status":"publish","type":"page","link":"https:\/\/powertech.com.co\/Blog\/divulgacion-de-afiliados-de-amazon\/","title":{"rendered":"Divulgaci\u00f3n de Afiliados de Amazon"},"content":{"rendered":"\n<p>En cumplimiento de las directrices del programa de Afiliados de Amazon y con el fin de mantener la m\u00e1xima transparencia con nuestros lectores, queremos informarte lo siguiente:<\/p>\n\n\n\n<p>Participamos en el Programa de Afiliados de Amazon EU y Amazon Services LLC Associates Program, programas de publicidad para afiliados dise\u00f1ado para ofrecer a los sitios web un modo de obtener comisiones por publicidad, publicitando e incluyendo enlaces a Amazon.com, Amazon.es y sitios web afiliados.<\/p>\n\n\n\n<h3 class=\"wp-block-heading\">\u00bfQu\u00e9 significa esto para ti?<\/h3>\n\n\n\n<p>Cuando haces clic en un enlace de producto en <strong>PowerTech<\/strong> <strong>(<code><a href=\"https:\/\/powertech.com.co\/Blog\">https:\/\/powertech.com.co\/Blog<\/a><\/code>)<\/strong> que te redirige a Amazon y realizas una compra:<\/p>\n\n\n\n<ol start=\"1\" class=\"wp-block-list\">\n<li><strong>El precio no cambia:<\/strong> Pagar\u00e1s exactamente el mismo precio que si hubieras entrado directamente a Amazon.<\/li>\n\n\n\n<li><strong>Nosotros recibimos una comisi\u00f3n:<\/strong> Amazon nos paga una peque\u00f1a comisi\u00f3n por haber referido la venta.<\/li>\n<\/ol>\n\n\n\n<h3 class=\"wp-block-heading\">Nuestro Compromiso<\/h3>\n\n\n\n<p>Solo recomendamos productos t\u00e9cnicos, hardware, software o gadgets que consideramos genuinamente \u00fatiles para nuestra audiencia. Nuestras opiniones son independientes y no est\u00e1n influenciadas por Amazon. El objetivo de estas comisiones es ayudar a mantener los costes de operaci\u00f3n y alojamiento de este blog para seguir ofreciendo contenido gratuito de calidad sobre tecnolog\u00eda.<\/p>\n\n\n\n<p>Gracias por apoyar a PowerTech.<\/p>\n","protected":false},"excerpt":{"rendered":"<p>En cumplimiento de las directrices del programa de Afiliados de Amazon y con el fin de mantener la m\u00e1xima transparencia con nuestros lectores, queremos informarte lo siguiente: Participamos en el Programa de Afiliados de Amazon EU y Amazon Services LLC Associates Program, programas de publicidad para afiliados dise\u00f1ado para ofrecer a los sitios web un [&hellip;]<\/p>\n","protected":false},"author":4,"featured_media":0,"parent":0,"menu_order":0,"comment_status":"closed","ping_status":"closed","template":"","meta":{"footnotes":""},"class_list":["post-3551","page","type-page","status-publish","hentry"],"blocksy_meta":[],"_links":{"self":[{"href":"https:\/\/powertech.com.co\/Blog\/wp-json\/wp\/v2\/pages\/3551","targetHints":{"allow":["GET"]}}],"collection":[{"href":"https:\/\/powertech.com.co\/Blog\/wp-json\/wp\/v2\/pages"}],"about":[{"href":"https:\/\/powertech.com.co\/Blog\/wp-json\/wp\/v2\/types\/page"}],"author":[{"embeddable":true,"href":"https:\/\/powertech.com.co\/Blog\/wp-json\/wp\/v2\/users\/4"}],"replies":[{"embeddable":true,"href":"https:\/\/powertech.com.co\/Blog\/wp-json\/wp\/v2\/comments?post=3551"}],"version-history":[{"count":0,"href":"https:\/\/powertech.com.co\/Blog\/wp-json\/wp\/v2\/pages\/3551\/revisions"}],"wp:attachment":[{"href":"https:\/\/powertech.com.co\/Blog\/wp-json\/wp\/v2\/media?parent=3551"}],"curies":[{"name":"wp","href":"https:\/\/api.w.org\/{rel}","templated":true}]}}