{"id":2966,"date":"2026-03-22T09:36:11","date_gmt":"2026-03-22T14:36:11","guid":{"rendered":"https:\/\/powertech.com.co\/Blog\/?page_id=2966"},"modified":"2026-03-22T09:36:12","modified_gmt":"2026-03-22T14:36:12","slug":"politica-de-privacidad-de-powertech","status":"publish","type":"page","link":"https:\/\/powertech.com.co\/Blog\/politica-de-privacidad-de-powertech\/","title":{"rendered":"Pol\u00edtica de Privacidad de PowerTech"},"content":{"rendered":"\n<h1 class=\"wp-block-heading\">Pol\u00edtica de Privacidad de PowerTech<\/h1>\n\n\n\n<p>En <strong>PowerTech<\/strong> (accesible desde <a href=\"https:\/\/powertech.com.co\/Blog),\"><code>https:\/\/powertech.com.co\/Blog<\/code>),<\/a> una de nuestras principales prioridades es la privacidad de nuestros visitantes. Este documento de Pol\u00edtica de Privacidad detalla los tipos de informaci\u00f3n que recopilamos, c\u00f3mo la utilizamos y las medidas que tomamos para protegerla.<\/p>\n\n\n\n<p>Si tienes preguntas adicionales o requieres m\u00e1s informaci\u00f3n sobre nuestra Pol\u00edtica de Privacidad, no dudes en contactarnos.<\/p>\n\n\n\n<h3 class=\"wp-block-heading\">1. Informaci\u00f3n que Recopilamos<\/h3>\n\n\n\n<h4 class=\"wp-block-heading\">A. Informaci\u00f3n que nos proporcionas directamente<\/h4>\n\n\n\n<ul class=\"wp-block-list\">\n<li><strong>Comentarios:<\/strong> Cuando dejas un comentario en el blog, recopilamos los datos que se muestran en el formulario de comentarios (nombre, correo electr\u00f3nico, sitio web opcional), as\u00ed como la direcci\u00f3n IP del visitante y la cadena de agentes de usuario del navegador para ayudar a la detecci\u00f3n de spam.<\/li>\n\n\n\n<li><strong>Formulario de Contacto o Suscripci\u00f3n:<\/strong> Si te pones en contacto con nosotros directamente o te suscribes a nuestro bolet\u00edn, podemos recibir informaci\u00f3n adicional como tu nombre y direcci\u00f3n de correo electr\u00f3nico.<\/li>\n<\/ul>\n\n\n\n<h4 class=\"wp-block-heading\">B. Informaci\u00f3n recopilada autom\u00e1ticamente (Cookies y Log Files)<\/h4>\n\n\n\n<p>Como la mayor\u00eda de los sitios web, PowerTech utiliza archivos de registro (&#8220;log files&#8221;) y cookies. Esta informaci\u00f3n incluye:<\/p>\n\n\n\n<ul class=\"wp-block-list\">\n<li>Direcciones de protocolo de Internet (IP).<\/li>\n\n\n\n<li>Tipo de navegador.<\/li>\n\n\n\n<li>Proveedor de servicios de Internet (ISP).<\/li>\n\n\n\n<li>Sello de fecha y hora.<\/li>\n\n\n\n<li>P\u00e1ginas de referencia\/salida.<\/li>\n\n\n\n<li>N\u00famero de clics.<\/li>\n<\/ul>\n\n\n\n<p><strong>Importante:<\/strong> Esta informaci\u00f3n no est\u00e1 vinculada a ninguna informaci\u00f3n que sea personalmente identificable. El prop\u00f3sito de esta informaci\u00f3n es analizar tendencias, administrar el sitio, rastrear el movimiento de los usuarios en el sitio web y recopilar informaci\u00f3n demogr\u00e1fica.<\/p>\n\n\n\n<h3 class=\"wp-block-heading\">2. C\u00f3mo Utilizamos tu Informaci\u00f3n<\/h3>\n\n\n\n<p>Utilizamos la informaci\u00f3n recopilada para:<\/p>\n\n\n\n<ul class=\"wp-block-list\">\n<li>Operar, mantener y mejorar nuestro sitio web.<\/li>\n\n\n\n<li>Personalizar tu experiencia en el sitio.<\/li>\n\n\n\n<li>Responder a tus comentarios o consultas de soporte.<\/li>\n\n\n\n<li>Detectar y prevenir el spam en los comentarios.<\/li>\n\n\n\n<li>Analizar el uso del sitio para optimizar el contenido t\u00e9cnico.<\/li>\n<\/ul>\n\n\n\n<h3 class=\"wp-block-heading\">3. Terceros y Monetizaci\u00f3n<\/h3>\n\n\n\n<p>En PowerTech utilizamos servicios de terceros para la monetizaci\u00f3n del sitio, lo cual implica la recopilaci\u00f3n de datos por parte de estas empresas:<\/p>\n\n\n\n<h4 class=\"wp-block-heading\">A. Google AdSense (Publicidad)<\/h4>\n\n\n\n<ul class=\"wp-block-list\">\n<li>Google, como proveedor de terceros, utiliza cookies para servir anuncios en nuestro sitio.<\/li>\n\n\n\n<li>El uso de la cookie DART de Google le permite servir anuncios a nuestros usuarios bas\u00e1ndose en sus visitas a este sitio y a otros sitios en Internet.<\/li>\n\n\n\n<li>Los usuarios pueden inhabilitar el uso de la cookie de DART visitando la Pol\u00edtica de privacidad de la red de anuncios y contenido de Google en la siguiente URL:<code><a href=\"https:\/\/policies.google.com\/technologies\/ads\" target=\"_blank\" rel=\"noopener\">https:\/\/policies.google.com\/technologies\/ads<\/a><\/code><\/li>\n<\/ul>\n\n\n\n<h4 class=\"wp-block-heading\">B. Amazon Afiliados (Afiliaci\u00f3n)<\/h4>\n\n\n\n<ul class=\"wp-block-list\">\n<li>Participamos en el Programa de Afiliados de Amazon. Si haces clic en un enlace de afiliado a Amazon y realizas una compra, Amazon recopilar\u00e1 datos para rastrear esa venta y asignarnos la comisi\u00f3n.<\/li>\n\n\n\n<li>Para m\u00e1s detalles sobre c\u00f3mo Amazon maneja tus datos, consulta su pol\u00edtica de privacidad.<\/li>\n<\/ul>\n\n\n\n<h4 class=\"wp-block-heading\">C. Google Analytics (An\u00e1lisis)<\/h4>\n\n\n\n<ul class=\"wp-block-list\">\n<li>Utilizamos Google Analytics para recopilar informaci\u00f3n an\u00f3nima sobre el tr\u00e1fico del sitio para entender c\u00f3mo los visitantes interact\u00faan con el contenido.<\/li>\n<\/ul>\n\n\n\n<p>No vendemos ni alquilamos tu informaci\u00f3n personal a terceros. Solo compartimos la informaci\u00f3n necesaria para el funcionamiento de los servicios mencionados.<\/p>\n\n\n\n<h3 class=\"wp-block-heading\">4. Retenci\u00f3n de Datos<\/h3>\n\n\n\n<p id=\"p-rc_fb2d1ef49d6c5c5a-29\">Si dejas un comentario, el comentario y sus metadatos se conservan indefinidamente. Esto es para que podamos reconocer y aprobar comentarios sucesivos autom\u00e1ticamente en lugar de mantenerlos en una cola de moderaci\u00f3n.<sup><\/sup><sup><\/sup><\/p>\n\n\n\n<p id=\"p-rc_fb2d1ef49d6c5c5a-30\">Para los usuarios que<sup><\/sup> se registran en <sup><\/sup>nuestra web (si los hay), tambi\u00e9n almacenamos la informaci\u00f3n personal que proporcionan en su perfil de usuario.<\/p>\n\n\n\n<h3 class=\"wp-block-heading\">5. Tus Derechos sobre tus Datos<\/h3>\n\n\n\n<p id=\"p-rc_fb2d1ef49d6c5c5a-31\">Si tienes una cuenta en este sitio o has dejado comentarios, puedes solicitar recibir un archivo de exportaci\u00f3n de los datos personales que tenemos sobre ti, incluyendo cualquier dato que nos hayas proporcionado. Tambi\u00e9n puedes solicitar que eliminemos cualquier dato personal que tengamos sobre ti. Esto no incluye ning\u00fan dato que estemos ob<sup><\/sup>ligados a conservar con fines administrativos, legales o de seguridad.<sup><\/sup><\/p>\n\n\n\n<p id=\"p-rc_fb2d1ef49d6c5c5a-32\">Puedes ejercer estos derechos enviando un correo a <code>[<a href=\"mailto:misasalonso@gmail.com\">misasalonso@gmail.com<\/a>]<\/code>.<\/p>\n\n\n\n<h3 class=\"wp-block-heading\">6. Actualizaciones de esta Pol\u00edtica<\/h3>\n\n\n\n<p>Es posible que actualicemos nuestra Pol\u00edtica de Privacidad de vez en cuando. Te recomendamos que revises esta p\u00e1gina peri\u00f3dicamente para ver si hay cambios.<\/p>\n\n\n\n<p><strong>\u00daltima actualizaci\u00f3n:<\/strong> <code>[Fecha 21 de marzo de 2026]<\/code><\/p>\n","protected":false},"excerpt":{"rendered":"<p>Pol\u00edtica de Privacidad de PowerTech En PowerTech (accesible desde https:\/\/powertech.com.co\/Blog), una de nuestras principales prioridades es la privacidad de nuestros visitantes. Este documento de Pol\u00edtica de Privacidad detalla los tipos de informaci\u00f3n que recopilamos, c\u00f3mo la utilizamos y las medidas que tomamos para protegerla. Si tienes preguntas adicionales o requieres m\u00e1s informaci\u00f3n sobre nuestra Pol\u00edtica [&hellip;]<\/p>\n","protected":false},"author":4,"featured_media":0,"parent":0,"menu_order":0,"comment_status":"closed","ping_status":"closed","template":"","meta":{"footnotes":""},"class_list":["post-2966","page","type-page","status-publish","hentry"],"blocksy_meta":[],"_links":{"self":[{"href":"https:\/\/powertech.com.co\/Blog\/wp-json\/wp\/v2\/pages\/2966","targetHints":{"allow":["GET"]}}],"collection":[{"href":"https:\/\/powertech.com.co\/Blog\/wp-json\/wp\/v2\/pages"}],"about":[{"href":"https:\/\/powertech.com.co\/Blog\/wp-json\/wp\/v2\/types\/page"}],"author":[{"embeddable":true,"href":"https:\/\/powertech.com.co\/Blog\/wp-json\/wp\/v2\/users\/4"}],"replies":[{"embeddable":true,"href":"https:\/\/powertech.com.co\/Blog\/wp-json\/wp\/v2\/comments?post=2966"}],"version-history":[{"count":0,"href":"https:\/\/powertech.com.co\/Blog\/wp-json\/wp\/v2\/pages\/2966\/revisions"}],"wp:attachment":[{"href":"https:\/\/powertech.com.co\/Blog\/wp-json\/wp\/v2\/media?parent=2966"}],"curies":[{"name":"wp","href":"https:\/\/api.w.org\/{rel}","templated":true}]}}